{"id":20,"date":"2025-12-29T16:42:25","date_gmt":"2025-12-29T16:42:25","guid":{"rendered":"https:\/\/anna-blume.ch\/?page_id=20"},"modified":"2025-12-29T23:33:12","modified_gmt":"2025-12-29T23:33:12","slug":"ueber-anna-blume","status":"publish","type":"page","link":"https:\/\/anna-blume.ch\/?page_id=20","title":{"rendered":"\u00dcber Anna Blume"},"content":{"rendered":"\n<div class=\"wp-block-group alignfull has-contrast-color has-base-background-color has-text-color has-background has-link-color wp-elements-afdf6234c665b10ae0c6d9183b1b4f49 is-layout-flow wp-block-group-is-layout-flow\" style=\"margin-top:0;margin-bottom:0;padding-top:var(--wp--preset--spacing--60);padding-right:var(--wp--preset--spacing--50);padding-bottom:var(--wp--preset--spacing--60);padding-left:var(--wp--preset--spacing--50)\">\n<div class=\"wp-block-columns alignwide is-layout-flex wp-container-core-columns-is-layout-7ee84d44 wp-block-columns-is-layout-flex\">\n<div class=\"wp-block-column is-layout-flow wp-block-column-is-layout-flow\" style=\"flex-basis:65%\">\n<div class=\"wp-block-group is-vertical is-content-justification-stretch is-layout-flex wp-container-core-group-is-layout-353c4f5a wp-block-group-is-layout-flex\">\n<p>Mich faszinieren Dinge mit Geschichte.<\/p>\n\n\n\n<p>Nicht, weil sie alt sind, sondern weil sie gelebt haben.<\/p>\n\n\n\n<p>Ich will mir vorstellen, wie ein St\u00fcck einmal ausgew\u00e4hlt wurde, wer es in den H\u00e4nden hielt, in welchem Licht es gl\u00e4nzte. Welche Musik vielleicht im Raum lief, welcher Geruch in der Luft lag, welche Farbe gerade modern oder geliebt war. <\/p>\n\n\n\n<p>Wenn mir ein Objekt begegnet, versuche ich herauszufinden, woher es kommt und aus welcher Epoche es stammt.<\/p>\n\n\n\n<p>Und oft erlaube ich mir, die Geschichte weiterzudenken. <\/p>\n\n\n\n<p>Mich interessiert das Gesamtbild. Das Crossover.<\/p>\n\n\n\n<p>Wie sich ein Teller aus den 1920ern mit einer modernen Umgebung vertr\u00e4gt. Wie Glas aus einer l\u00e4ngst vergangenen Zeit pl\u00f6tzlich neues Licht sammelt. Wie Stoffe, Formen, Farben und Kl\u00e4nge gemeinsam etwas Neues erz\u00e4hlen.<\/p>\n\n\n\n<p>In dieser Welt, in welcher immer schneller und immer mehr konsumiert wird, m\u00f6chte ich innehalten. Nachhaltigkeit bedeutet f\u00fcr mich nicht nur Herkunft und Material sondern vorallem Wertsch\u00e4tzung und Aufmerksamkeit. Das bewusste Weitergeben dessen, was bereits da war und ist. <\/p>\n\n\n\n<p>Erhalten.<\/p>\n\n\n\n<p>Mich interessieren die Menschen.<\/p>\n\n\n\n<p>Jene, welche sich diese St\u00fccke einst erspart haben, sie bewusst ausgesucht haben oder sie als ein Geschenk erhielten. Was hat sie ber\u00fchrt? Warum genau dieses Glas, dieser Stoff, dieses M\u00f6belst\u00fcck? Wie hat es sich angef\u00fchlt, als die urspr\u00fcngliche Besitzerin zum allerersten Mal diesen Mantel ausf\u00fchrte?Und manchmal frage ich mich: Was w\u00fcrde diese Person denken, wenn sie ihr St\u00fcck heute sehen k\u00f6nnte &#8211; im neuen Kontext, in einem anderen Ambiente, in einem anderen Leben, mit neuer Wertsch\u00e4tzung? <\/p>\n\n\n\n<p>Anna Blume ist kein Ort f\u00fcr verstaubte Nostalgie, sondern f\u00fcr Gef\u00fchl und f\u00fcr die leisen Verbindungen zwischen damals und jetzt.<\/p>\n\n\n\n<p>F\u00fcr Objekte, die nicht ins Museum wollen, sondern in ein neues Zuhause.<\/p>\n<\/div>\n<\/div>\n<\/div>\n<\/div>\n\n\n\n<p><a href=\"https:\/\/w.soundcloud.com\/player\/?url=https%3A\/\/soundcloud.com\/yann_tiersen\/comptine-dun-autre-t-lapr-s&amp;color=%23c0a894&amp;auto_play=false&amp;show_artwork=true\" data-type=\"link\" data-id=\"https:\/\/w.soundcloud.com\/player\/?url=https%3A\/\/soundcloud.com\/yann_tiersen\/comptine-dun-autre-t-lapr-s&amp;color=%23c0a894&amp;auto_play=false&amp;show_artwork=true\">https:\/\/w.soundcloud.com\/player\/?url=https%3A\/\/soundcloud.com\/yann_tiersen\/comptine-dun-autre-t-lapr-s&amp;color=%23c0a894&amp;auto_play=false&amp;show_artwork=true<\/a><\/p>\n\n\n\n<p><\/p>\n","protected":false},"excerpt":{"rendered":"<p>Mich faszinieren Dinge mit Geschichte. Nicht, weil sie alt sind, sondern weil sie gelebt haben. Ich will mir vorstellen, wie ein St\u00fcck einmal ausgew\u00e4hlt wurde, wer es in den H\u00e4nden hielt, in welchem Licht es gl\u00e4nzte. Welche Musik vielleicht im Raum lief, welcher Geruch in der Luft lag, welche Farbe gerade modern oder geliebt war. [&hellip;]<\/p>\n","protected":false},"author":1,"featured_media":57,"parent":0,"menu_order":0,"comment_status":"closed","ping_status":"closed","template":"","meta":{"footnotes":""},"class_list":["post-20","page","type-page","status-publish","has-post-thumbnail","hentry"],"_links":{"self":[{"href":"https:\/\/anna-blume.ch\/index.php?rest_route=\/wp\/v2\/pages\/20","targetHints":{"allow":["GET"]}}],"collection":[{"href":"https:\/\/anna-blume.ch\/index.php?rest_route=\/wp\/v2\/pages"}],"about":[{"href":"https:\/\/anna-blume.ch\/index.php?rest_route=\/wp\/v2\/types\/page"}],"author":[{"embeddable":true,"href":"https:\/\/anna-blume.ch\/index.php?rest_route=\/wp\/v2\/users\/1"}],"replies":[{"embeddable":true,"href":"https:\/\/anna-blume.ch\/index.php?rest_route=%2Fwp%2Fv2%2Fcomments&post=20"}],"version-history":[{"count":15,"href":"https:\/\/anna-blume.ch\/index.php?rest_route=\/wp\/v2\/pages\/20\/revisions"}],"predecessor-version":[{"id":91,"href":"https:\/\/anna-blume.ch\/index.php?rest_route=\/wp\/v2\/pages\/20\/revisions\/91"}],"wp:featuredmedia":[{"embeddable":true,"href":"https:\/\/anna-blume.ch\/index.php?rest_route=\/wp\/v2\/media\/57"}],"wp:attachment":[{"href":"https:\/\/anna-blume.ch\/index.php?rest_route=%2Fwp%2Fv2%2Fmedia&parent=20"}],"curies":[{"name":"wp","href":"https:\/\/api.w.org\/{rel}","templated":true}]}}